{"id":22,"date":"2010-10-31T17:13:59","date_gmt":"2010-10-31T16:13:59","guid":{"rendered":"http:\/\/fialka.rtnexthq.cz\/fzo2\/?page_id=22"},"modified":"2025-03-12T00:04:52","modified_gmt":"2025-03-11T23:04:52","slug":"jewish-communities","status":"publish","type":"page","link":"https:\/\/www.fzo.cz\/en\/jewish-communities\/","title":{"rendered":"Jewish Communities"},"content":{"rendered":"<h3>Jewish Community Brno<\/h3>\n<p>T\u0159. kpt. Jaro\u0161e 3<br \/>\n602 00 Brno<br \/>\nTel.: +420 545 509 622<br \/>\nFax: +420 545 509 623<br \/>\nE-mail: <a href=\"mailto:zob@zob.cz\">zob@zob.cz<\/a><br \/>\n<a href=\"http:\/\/www.zob.cz\/\" target=\"_blank\" rel=\"noopener\">http:\/\/www.zob.cz\/<\/a><\/p>\n<h3>Jewish Community Karlovy Vary<\/h3>\n<p>Bezru\u010dova 8<br \/>\nP.O.Box 160<br \/>\n+420 360 01 Karlovy Vary<br \/>\nTel.\/Fax: +420 353&nbsp;220 658<br \/>\nE-mail: <a href=\"mailto:jewishkv@volny.cz\">jewishkv@volny.cz<\/a><br \/>\n<a href=\"http:\/\/www.jewishcommunity.cz\/\" target=\"_blank\" rel=\"noopener\">http:\/\/www.jewishcommunity.cz\/<\/a><\/p>\n<h3>Jewish Community Liberec<\/h3>\n<p>Rumjancevova 1\/1362<br \/>\n460 01 Liberec<br \/>\nTel.: +420 485&nbsp;103&nbsp;340<br \/>\nFax: +420 482 412 190<br \/>\nE-mail:&nbsp;<a href=\"mailto:info@kehila-liberec.cz\">info@kehila-liberec.cz<\/a><br \/>\n<a href=\"http:\/\/www.kehila-liberec.cz\" target=\"_blank\" rel=\"noopener\">http:\/\/www.kehila-liberec.cz<\/a><\/p>\n<h3>Jewish Community Olomouc<\/h3>\n<p>Komensk\u00e9ho 7<br \/>\n772 00 Olomouc<br \/>\nTel.\/Fax: +420 585&nbsp;223 119<br \/>\nE-mail: <a href=\"mailto:kehila@kehila-olomouc.cz\">kehila@kehila-olomouc.cz<\/a><br \/>\n<a href=\"http:\/\/www.kehila-olomouc.cz\" target=\"_blank\" rel=\"noopener\">www.kehila-olomouc.cz<\/a><\/p>\n<h3>Jewish Community Ostrava<\/h3>\n<p>Tov\u00e1rn\u00ed 15<br \/>\n709 00 Ostrava<br \/>\nTel.: +420 596 621 354<br \/>\nE-mail: <a href=\"mailto:sekretariat@kehila-ostrava.cz\">sekretariat@kehila-ostrava.cz<\/a><br \/>\n<a href=\"http:\/\/www.kehila-ostrava.cz\" target=\"_blank\" rel=\"noopener\">http:\/\/www.kehila-ostrava.cz<\/a><\/p>\n<h3>Jewish Community Plze\u0148<\/h3>\n<p>Smetanovy sady 5<br \/>\n301 37 Plze\u0148<br \/>\nTel.: +420 377 235&nbsp;749, +420 377 223&nbsp;346<br \/>\nFax: +420 377 223&nbsp;348, +420 377 235&nbsp;749<br \/>\nE-mail: <a href=\"mailto:zoplzen@zoplzen.cz\">zoplzen@zoplzen.cz<\/a><br \/>\n<a href=\"http:\/\/www.zoplzen.cz\" target=\"_blank\" rel=\"noopener\">www.zoplzen.cz<\/a><\/p>\n<h3>Jewish Community Praha<\/h3>\n<p>Maiselova 18,<br \/>\n110 01 Praha 1<br \/>\nSecretary Tel.: +420 222 319 002<br \/>\nFax: 222 318 664<br \/>\nRabi Tel.: +420 222 310 909, +420 224 800 803<br \/>\nFax: +420 224 318 664<br \/>\nE-mail: <a href=\"mailto:sekretariat@kehilaprag.cz\">sekretariat@kehilaprag.cz<\/a><br \/>\n<a href=\"http:\/\/www.kehilaprag.cz\" target=\"_blank\" rel=\"noopener\">http:\/\/www.kehilaprag.cz<\/a><\/p>\n<h3>Jewish Community Teplice<\/h3>\n<p>Lipov\u00e1 25\/333<br \/>\n415 01 Teplice<br \/>\nTel.: +420 417&nbsp;538 209<br \/>\nE-mail: <a href=\"mailto:kehila@volny.cz\">kehila@volny.cz<\/a><br \/>\n<a href=\"http:\/\/www.kehila-teplice.cz\/\" target=\"_blank\" rel=\"noopener\">http:\/\/www.kehila-teplice.cz\/<\/a><\/p>\n<h3>Jewish Community D\u011b\u010d\u00edn<\/h3>\n<p>\u017di\u017ekova 4<br \/>\n405 02 D\u011b\u010d\u00edn<br \/>\nTel.: +420 412&nbsp;531&nbsp;095, Fax: +420 412&nbsp;531&nbsp;095<br \/>\nE-mail: <a href=\"mailto:zidovska.obec.decin@volny.cz\">zidovska.obec.decin@volny.cz<\/a><br \/>\n<a href=\"http:\/\/zidovskaobecdecin.wz.cz\/\" target=\"_blank\" rel=\"noopener\">http:\/\/zidovskaobecdecin.wz.cz\/<\/a><\/p>\n","protected":false},"excerpt":{"rendered":"<p>Jewish Community Brno T\u0159. kpt. Jaro\u0161e 3 602 00 Brno Tel.: +420 545 509 622 Fax: +420 545 509 623 E-mail: zob@zob.cz http:\/\/www.zob.cz\/ Jewish Community Karlovy Vary Bezru\u010dova 8 P.O.Box 160 +420 360 01 Karlovy Vary Tel.\/Fax: +420 353&nbsp;220 658 E-mail: jewishkv@volny.cz http:\/\/www.jewishcommunity.cz\/ Jewish Community Liberec Rumjancevova 1\/1362 460 01 Liberec Tel.: +420 485&nbsp;103&nbsp;340 Fax: +420 482 412 190 E-mail:&nbsp;info@kehila-liberec.cz http:\/\/www.kehila-liberec.cz Jewish Community Olomouc Komensk\u00e9ho 7 772 00 Olomouc Tel.\/Fax: +420 585&nbsp;223 119 E-mail: kehila@kehila-olomouc.cz www.kehila-olomouc.cz Jewish Community Ostrava Tov\u00e1rn\u00ed &hellip;<\/p>\n<div class=\"cist-vice\"><a href=\"https:\/\/www.fzo.cz\/en\/jewish-communities\/\">&#8230;read more<\/a><\/div>\n","protected":false},"author":1,"featured_media":0,"parent":0,"menu_order":40,"comment_status":"closed","ping_status":"closed","template":"pageofmapcz.php","meta":{"ngg_post_thumbnail":0,"footnotes":""},"class_list":["post-22","page","type-page","status-publish","hentry"],"_links":{"self":[{"href":"https:\/\/www.fzo.cz\/en\/wp-json\/wp\/v2\/pages\/22"}],"collection":[{"href":"https:\/\/www.fzo.cz\/en\/wp-json\/wp\/v2\/pages"}],"about":[{"href":"https:\/\/www.fzo.cz\/en\/wp-json\/wp\/v2\/types\/page"}],"author":[{"embeddable":true,"href":"https:\/\/www.fzo.cz\/en\/wp-json\/wp\/v2\/users\/1"}],"replies":[{"embeddable":true,"href":"https:\/\/www.fzo.cz\/en\/wp-json\/wp\/v2\/comments?post=22"}],"version-history":[{"count":16,"href":"https:\/\/www.fzo.cz\/en\/wp-json\/wp\/v2\/pages\/22\/revisions"}],"predecessor-version":[{"id":1057,"href":"https:\/\/www.fzo.cz\/en\/wp-json\/wp\/v2\/pages\/22\/revisions\/1057"}],"wp:attachment":[{"href":"https:\/\/www.fzo.cz\/en\/wp-json\/wp\/v2\/media?parent=22"}],"curies":[{"name":"wp","href":"https:\/\/api.w.org\/{rel}","templated":true}]}}